{"id":2629,"date":"2023-07-14T11:23:08","date_gmt":"2023-07-14T11:23:08","guid":{"rendered":"https:\/\/storiumstaging.storiumplus.com\/a-propos-de-nous\/"},"modified":"2025-01-21T14:35:51","modified_gmt":"2025-01-21T14:35:51","slug":"a-propos-de-nous","status":"publish","type":"page","link":"https:\/\/storiumstaging.storiumplus.com\/fr\/a-propos-de-nous\/","title":{"rendered":"A propos de nous"},"content":{"rendered":"\t\t<div data-elementor-type=\"wp-post\" data-elementor-id=\"2629\" class=\"elementor elementor-2629 elementor-948\" data-elementor-post-type=\"page\">\n\t\t\t\t<div class=\"elementor-element elementor-element-a31fc3e e-con-full e-flex e-con e-parent\" data-id=\"a31fc3e\" data-element_type=\"container\" data-settings=\"{&quot;background_background&quot;:&quot;classic&quot;}\">\n\t\t<div class=\"elementor-element elementor-element-6eb71f3 e-flex e-con-boxed e-con e-child\" data-id=\"6eb71f3\" data-element_type=\"container\">\n\t\t\t\t\t<div class=\"e-con-inner\">\n\t\t\t\t<div class=\"elementor-element elementor-element-a97baec elementor-widget elementor-widget-heading\" data-id=\"a97baec\" data-element_type=\"widget\" data-widget_type=\"heading.default\">\n\t\t\t\t\t<h2 class=\"elementor-heading-title elementor-size-default\">Vision<\/h2>\t\t\t\t<\/div>\n\t\t\t\t<div class=\"elementor-element elementor-element-b3829ce elementor-widget elementor-widget-heading\" data-id=\"b3829ce\" data-element_type=\"widget\" data-widget_type=\"heading.default\">\n\t\t\t\t\t<h2 class=\"elementor-heading-title elementor-size-default\">Un r\u00e9seau \u00e9lectrique plus solide et plus stable gr\u00e2ce \u00e0 une plus grande capacit\u00e9 de stockage<\/h2>\t\t\t\t<\/div>\n\t\t\t\t\t<\/div>\n\t\t\t\t<\/div>\n\t\t<div class=\"elementor-element elementor-element-44292ab e-flex e-con-boxed e-con e-child\" data-id=\"44292ab\" data-element_type=\"container\">\n\t\t\t\t\t<div class=\"e-con-inner\">\n\t\t<div class=\"elementor-element elementor-element-247ad7a e-con-full e-flex e-con e-child\" data-id=\"247ad7a\" data-element_type=\"container\">\n\t\t<div class=\"elementor-element elementor-element-2559d68 e-flex e-con-boxed e-con e-child\" data-id=\"2559d68\" data-element_type=\"container\">\n\t\t\t\t\t<div class=\"e-con-inner\">\n\t\t\t\t<div class=\"elementor-element elementor-element-3c64ee9 elementor-widget__width-initial elementor-widget elementor-widget-text-editor\" data-id=\"3c64ee9\" data-element_type=\"widget\" data-widget_type=\"text-editor.default\">\n\t\t\t\t\t\t\t\t\t<p>Comme pour la loi sur les vases communicants, pour produire et consommer de l&rsquo;\u00e9lectricit\u00e9, il doit toujours y avoir un \u00e9quilibre parfait entre les deux. Toutefois, la forte \u00e9lectrification de la soci\u00e9t\u00e9, d&rsquo;une part, et la part sans cesse croissante des sources renouvelables dans le bouquet \u00e9nerg\u00e9tique, d&rsquo;autre part, menacent de rompre cet \u00e9quilibre.&nbsp;<\/p>\n<p><span style=\"font-weight: 400\">Nous consid\u00e9rons qu&rsquo;il est de notre devoir de maximiser le potentiel in\u00e9puisable des \u00e9nergies renouvelables en r\u00e9tablissant cet \u00e9quilibre.<\/span><\/p>\n<p><span style=\"font-weight: 400\">Nous pensons que cela sera possible en ajoutant une plus grande capacit\u00e9 de stockage au r\u00e9seau \u00e9lectrique tout en donnant plus de contr\u00f4le sur les diff\u00e9rents flux d&rsquo;\u00e9nergie \u00e0 nos utilisateurs finaux.<\/span><\/p>\n<p><span style=\"font-weight: 400\">Notre mission est donc d&rsquo;installer le plus grand nombre possible de batteries intelligentes \u00e0 court terme, afin de permettre \u00e0 nos clients de se concentrer sur ce qui les motive le plus en tant qu&rsquo;entrepreneurs !<\/span><\/p>\t\t\t\t\t\t\t\t<\/div>\n\t\t\t\t<div class=\"elementor-element elementor-element-8b6d891 elementor-widget elementor-widget-image\" data-id=\"8b6d891\" data-element_type=\"widget\" data-widget_type=\"image.default\">\n\t\t\t\t\t\t\t\t\t\t\t\t\t\t\t<img decoding=\"async\" width=\"200\" height=\"200\" src=\"https:\/\/storiumstaging.storiumplus.com\/wp-content\/uploads\/2023\/07\/StoriumElementLogo.svg\" class=\"attachment-full size-full wp-image-2445\" alt=\"\" \/>\t\t\t\t\t\t\t\t\t\t\t\t\t\t\t<\/div>\n\t\t\t\t\t<\/div>\n\t\t\t\t<\/div>\n\t\t\t\t<\/div>\n\t\t\t\t\t<\/div>\n\t\t\t\t<\/div>\n\t\t\t\t<\/div>\n\t\t<div class=\"elementor-element elementor-element-c047d4e e-flex e-con-boxed e-con e-parent\" data-id=\"c047d4e\" data-element_type=\"container\">\n\t\t\t\t\t<div class=\"e-con-inner\">\n\t\t<div class=\"elementor-element elementor-element-08a7026 e-con-full e-flex e-con e-child\" data-id=\"08a7026\" data-element_type=\"container\">\n\t\t<div class=\"elementor-element elementor-element-b2e3db8 e-flex e-con-boxed e-con e-child\" data-id=\"b2e3db8\" data-element_type=\"container\">\n\t\t\t\t\t<div class=\"e-con-inner\">\n\t\t\t\t<div class=\"elementor-element elementor-element-2452b58 elementor-widget elementor-widget-heading\" data-id=\"2452b58\" data-element_type=\"widget\" data-widget_type=\"heading.default\">\n\t\t\t\t\t<h2 class=\"elementor-heading-title elementor-size-default\">La mission<\/h2>\t\t\t\t<\/div>\n\t\t\t\t<div class=\"elementor-element elementor-element-1ae1874 elementor-widget elementor-widget-heading\" data-id=\"1ae1874\" data-element_type=\"widget\" data-widget_type=\"heading.default\">\n\t\t\t\t\t<h2 class=\"elementor-heading-title elementor-size-default\">Ajouter une capacit\u00e9 de stockage intelligente au r\u00e9seau<\/h2>\t\t\t\t<\/div>\n\t\t\t\t<div class=\"elementor-element elementor-element-3736ff3 elementor-widget elementor-widget-text-editor\" data-id=\"3736ff3\" data-element_type=\"widget\" data-widget_type=\"text-editor.default\">\n\t\t\t\t\t\t\t\t\t<p>Notre mission est de fournir des batteries intelligentes au plus grand nombre d&rsquo;entreprises possible.<\/p>\n\t\t\t\t\t\t\t\t<\/div>\n\t\t\t\t\t<\/div>\n\t\t\t\t<\/div>\n\t\t<div class=\"elementor-element elementor-element-9330637 e-con-full e-flex e-con e-child\" data-id=\"9330637\" data-element_type=\"container\">\n\t\t\t\t<div class=\"elementor-element elementor-element-2807211 elementor-widget elementor-widget-image\" data-id=\"2807211\" data-element_type=\"widget\" data-widget_type=\"image.default\">\n\t\t\t\t\t\t\t\t\t\t\t\t\t\t\t<img decoding=\"async\" src=\"https:\/\/storiumstaging.storiumplus.com\/wp-content\/uploads\/2023\/07\/Sun.svg\" class=\"attachment-full size-full wp-image-2401\" alt=\"\" \/>\t\t\t\t\t\t\t\t\t\t\t\t\t\t\t<\/div>\n\t\t\t\t<div class=\"elementor-element elementor-element-94a4245 elementor-widget elementor-widget-heading\" data-id=\"94a4245\" data-element_type=\"widget\" data-widget_type=\"heading.default\">\n\t\t\t\t\t<h2 class=\"elementor-heading-title elementor-size-default\"><br>Smart Solar<\/h2>\t\t\t\t<\/div>\n\t\t\t\t<div class=\"elementor-element elementor-element-7f13c78 elementor-widget elementor-widget-image\" data-id=\"7f13c78\" data-element_type=\"widget\" data-widget_type=\"image.default\">\n\t\t\t\t\t\t\t\t\t\t\t\t\t\t\t<img decoding=\"async\" src=\"https:\/\/storiumstaging.storiumplus.com\/wp-content\/uploads\/2023\/07\/SmartBattery.svg\" class=\"attachment-full size-full wp-image-2399\" alt=\"\" \/>\t\t\t\t\t\t\t\t\t\t\t\t\t\t\t<\/div>\n\t\t\t\t<div class=\"elementor-element elementor-element-9b210ee elementor-widget elementor-widget-heading\" data-id=\"9b210ee\" data-element_type=\"widget\" data-widget_type=\"heading.default\">\n\t\t\t\t\t<h2 class=\"elementor-heading-title elementor-size-default\"><br>Batterie intelligente<\/h2>\t\t\t\t<\/div>\n\t\t\t\t<div class=\"elementor-element elementor-element-b92288b elementor-widget elementor-widget-image\" data-id=\"b92288b\" data-element_type=\"widget\" data-widget_type=\"image.default\">\n\t\t\t\t\t\t\t\t\t\t\t\t\t\t\t<img decoding=\"async\" src=\"https:\/\/storiumstaging.storiumplus.com\/wp-content\/uploads\/2023\/07\/Energymanagement.svg\" class=\"attachment-full size-full wp-image-2397\" alt=\"\" \/>\t\t\t\t\t\t\t\t\t\t\t\t\t\t\t<\/div>\n\t\t\t\t<div class=\"elementor-element elementor-element-0d61705 elementor-widget elementor-widget-heading\" data-id=\"0d61705\" data-element_type=\"widget\" data-widget_type=\"heading.default\">\n\t\t\t\t\t<h2 class=\"elementor-heading-title elementor-size-default\"><br>Gestion de l'\u00e9nergie<\/h2>\t\t\t\t<\/div>\n\t\t\t\t<\/div>\n\t\t\t\t<\/div>\n\t\t\t\t\t<\/div>\n\t\t\t\t<\/div>\n\t\t<div class=\"elementor-element elementor-element-d50fab9 e-flex e-con-boxed e-con e-parent\" data-id=\"d50fab9\" data-element_type=\"container\" data-settings=\"{&quot;background_background&quot;:&quot;classic&quot;}\">\n\t\t\t\t\t<div class=\"e-con-inner\">\n\t\t<div class=\"elementor-element elementor-element-9bb05c1 e-flex e-con-boxed e-con e-child\" data-id=\"9bb05c1\" data-element_type=\"container\" data-settings=\"{&quot;background_background&quot;:&quot;classic&quot;}\">\n\t\t\t\t\t<div class=\"e-con-inner\">\n\t\t<div class=\"elementor-element elementor-element-6a9b05e e-con-full e-flex e-con e-child\" data-id=\"6a9b05e\" data-element_type=\"container\" data-settings=\"{&quot;background_background&quot;:&quot;classic&quot;}\">\n\t\t\t\t<div class=\"elementor-element elementor-element-cd5eac5 elementor-widget elementor-widget-heading\" data-id=\"cd5eac5\" data-element_type=\"widget\" data-widget_type=\"heading.default\">\n\t\t\t\t\t<h2 class=\"elementor-heading-title elementor-size-default\">Objectif  <\/h2>\t\t\t\t<\/div>\n\t\t\t\t<div class=\"elementor-element elementor-element-37a480a elementor-widget elementor-widget-heading\" data-id=\"37a480a\" data-element_type=\"widget\" data-widget_type=\"heading.default\">\n\t\t\t\t\t<h2 class=\"elementor-heading-title elementor-size-default\">Nous voulons maximiser le potentiel de l'\u00e9nergie libre<\/h2>\t\t\t\t<\/div>\n\t\t\t\t<\/div>\n\t\t<div class=\"elementor-element elementor-element-5fea9bc e-con-full e-flex e-con e-child\" data-id=\"5fea9bc\" data-element_type=\"container\" data-settings=\"{&quot;background_background&quot;:&quot;classic&quot;}\">\n\t\t\t\t<\/div>\n\t\t\t\t\t<\/div>\n\t\t\t\t<\/div>\n\t\t\t\t\t<\/div>\n\t\t\t\t<\/div>\n\t\t\t\t<\/div>\n\t\t","protected":false},"excerpt":{"rendered":"<p>Vision Un r\u00e9seau \u00e9lectrique plus solide et plus stable gr\u00e2ce \u00e0 une plus grande capacit\u00e9 de stockage Comme pour la loi sur les vases communicants, pour produire et consommer de l&rsquo;\u00e9lectricit\u00e9, il doit toujours y avoir un \u00e9quilibre parfait entre les deux. Toutefois, la forte \u00e9lectrification de la soci\u00e9t\u00e9, d&rsquo;une part, et la part sans [&hellip;]<\/p>\n","protected":false},"author":1,"featured_media":0,"parent":0,"menu_order":0,"comment_status":"closed","ping_status":"closed","template":"","meta":{"footnotes":""},"class_list":["post-2629","page","type-page","status-publish","hentry"],"yoast_head":"<!-- This site is optimized with the Yoast SEO plugin v25.9 - https:\/\/yoast.com\/wordpress\/plugins\/seo\/ -->\n<title>A propos de nous - StoriumPlus - We connect solar, smart battery &amp; grid<\/title>\n<meta name=\"robots\" content=\"index, follow, max-snippet:-1, max-image-preview:large, max-video-preview:-1\" \/>\n<link rel=\"canonical\" href=\"https:\/\/storiumstaging.storiumplus.com\/fr\/a-propos-de-nous\/\" \/>\n<meta property=\"og:locale\" content=\"fr_FR\" \/>\n<meta property=\"og:type\" content=\"article\" \/>\n<meta property=\"og:title\" content=\"A propos de nous - StoriumPlus - We connect solar, smart battery &amp; grid\" \/>\n<meta property=\"og:description\" content=\"Vision Un r\u00e9seau \u00e9lectrique plus solide et plus stable gr\u00e2ce \u00e0 une plus grande capacit\u00e9 de stockage Comme pour la loi sur les vases communicants, pour produire et consommer de l&rsquo;\u00e9lectricit\u00e9, il doit toujours y avoir un \u00e9quilibre parfait entre les deux. Toutefois, la forte \u00e9lectrification de la soci\u00e9t\u00e9, d&rsquo;une part, et la part sans [&hellip;]\" \/>\n<meta property=\"og:url\" content=\"https:\/\/storiumstaging.storiumplus.com\/fr\/a-propos-de-nous\/\" \/>\n<meta property=\"og:site_name\" content=\"StoriumPlus - We connect solar, smart battery &amp; grid\" \/>\n<meta property=\"article:modified_time\" content=\"2025-01-21T14:35:51+00:00\" \/>\n<meta name=\"twitter:card\" content=\"summary_large_image\" \/>\n<meta name=\"twitter:label1\" content=\"Dur\u00e9e de lecture estim\u00e9e\" \/>\n\t<meta name=\"twitter:data1\" content=\"1 minute\" \/>\n<script type=\"application\/ld+json\" class=\"yoast-schema-graph\">{\"@context\":\"https:\/\/schema.org\",\"@graph\":[{\"@type\":\"WebPage\",\"@id\":\"https:\/\/storiumstaging.storiumplus.com\/fr\/a-propos-de-nous\/\",\"url\":\"https:\/\/storiumstaging.storiumplus.com\/fr\/a-propos-de-nous\/\",\"name\":\"A propos de nous - StoriumPlus - We connect solar, smart battery &amp; grid\",\"isPartOf\":{\"@id\":\"https:\/\/storiumstaging.storiumplus.com\/fr\/#website\"},\"primaryImageOfPage\":{\"@id\":\"https:\/\/storiumstaging.storiumplus.com\/fr\/a-propos-de-nous\/#primaryimage\"},\"image\":{\"@id\":\"https:\/\/storiumstaging.storiumplus.com\/fr\/a-propos-de-nous\/#primaryimage\"},\"thumbnailUrl\":\"https:\/\/storiumstaging.storiumplus.com\/wp-content\/uploads\/2023\/07\/StoriumElementLogo.svg\",\"datePublished\":\"2023-07-14T11:23:08+00:00\",\"dateModified\":\"2025-01-21T14:35:51+00:00\",\"breadcrumb\":{\"@id\":\"https:\/\/storiumstaging.storiumplus.com\/fr\/a-propos-de-nous\/#breadcrumb\"},\"inLanguage\":\"fr-FR\",\"potentialAction\":[{\"@type\":\"ReadAction\",\"target\":[\"https:\/\/storiumstaging.storiumplus.com\/fr\/a-propos-de-nous\/\"]}]},{\"@type\":\"ImageObject\",\"inLanguage\":\"fr-FR\",\"@id\":\"https:\/\/storiumstaging.storiumplus.com\/fr\/a-propos-de-nous\/#primaryimage\",\"url\":\"https:\/\/storiumstaging.storiumplus.com\/wp-content\/uploads\/2023\/07\/StoriumElementLogo.svg\",\"contentUrl\":\"https:\/\/storiumstaging.storiumplus.com\/wp-content\/uploads\/2023\/07\/StoriumElementLogo.svg\"},{\"@type\":\"BreadcrumbList\",\"@id\":\"https:\/\/storiumstaging.storiumplus.com\/fr\/a-propos-de-nous\/#breadcrumb\",\"itemListElement\":[{\"@type\":\"ListItem\",\"position\":1,\"name\":\"Home\",\"item\":\"https:\/\/storiumstaging.storiumplus.com\/fr\/\"},{\"@type\":\"ListItem\",\"position\":2,\"name\":\"A propos de nous\"}]},{\"@type\":\"WebSite\",\"@id\":\"https:\/\/storiumstaging.storiumplus.com\/fr\/#website\",\"url\":\"https:\/\/storiumstaging.storiumplus.com\/fr\/\",\"name\":\"StoriumPlus - We connect solar, smart battery & grid\",\"description\":\"We connect solar, smart battery &amp; grid\",\"publisher\":{\"@id\":\"https:\/\/storiumstaging.storiumplus.com\/fr\/#organization\"},\"potentialAction\":[{\"@type\":\"SearchAction\",\"target\":{\"@type\":\"EntryPoint\",\"urlTemplate\":\"https:\/\/storiumstaging.storiumplus.com\/fr\/?s={search_term_string}\"},\"query-input\":{\"@type\":\"PropertyValueSpecification\",\"valueRequired\":true,\"valueName\":\"search_term_string\"}}],\"inLanguage\":\"fr-FR\"},{\"@type\":\"Organization\",\"@id\":\"https:\/\/storiumstaging.storiumplus.com\/fr\/#organization\",\"name\":\"StoriumPlus\",\"alternateName\":\"St+\",\"url\":\"https:\/\/storiumstaging.storiumplus.com\/fr\/\",\"logo\":{\"@type\":\"ImageObject\",\"inLanguage\":\"fr-FR\",\"@id\":\"https:\/\/storiumstaging.storiumplus.com\/fr\/#\/schema\/logo\/image\/\",\"url\":\"https:\/\/storiumstaging.storiumplus.com\/wp-content\/uploads\/2023\/07\/StFavIcon.png\",\"contentUrl\":\"https:\/\/storiumstaging.storiumplus.com\/wp-content\/uploads\/2023\/07\/StFavIcon.png\",\"width\":512,\"height\":512,\"caption\":\"StoriumPlus\"},\"image\":{\"@id\":\"https:\/\/storiumstaging.storiumplus.com\/fr\/#\/schema\/logo\/image\/\"},\"sameAs\":[\"https:\/\/www.linkedin.com\/company\/storiumplus\/\"]}]}<\/script>\n<!-- \/ Yoast SEO plugin. -->","yoast_head_json":{"title":"A propos de nous - StoriumPlus - We connect solar, smart battery &amp; grid","robots":{"index":"index","follow":"follow","max-snippet":"max-snippet:-1","max-image-preview":"max-image-preview:large","max-video-preview":"max-video-preview:-1"},"canonical":"https:\/\/storiumstaging.storiumplus.com\/fr\/a-propos-de-nous\/","og_locale":"fr_FR","og_type":"article","og_title":"A propos de nous - StoriumPlus - We connect solar, smart battery &amp; grid","og_description":"Vision Un r\u00e9seau \u00e9lectrique plus solide et plus stable gr\u00e2ce \u00e0 une plus grande capacit\u00e9 de stockage Comme pour la loi sur les vases communicants, pour produire et consommer de l&rsquo;\u00e9lectricit\u00e9, il doit toujours y avoir un \u00e9quilibre parfait entre les deux. Toutefois, la forte \u00e9lectrification de la soci\u00e9t\u00e9, d&rsquo;une part, et la part sans [&hellip;]","og_url":"https:\/\/storiumstaging.storiumplus.com\/fr\/a-propos-de-nous\/","og_site_name":"StoriumPlus - We connect solar, smart battery &amp; grid","article_modified_time":"2025-01-21T14:35:51+00:00","twitter_card":"summary_large_image","twitter_misc":{"Dur\u00e9e de lecture estim\u00e9e":"1 minute"},"schema":{"@context":"https:\/\/schema.org","@graph":[{"@type":"WebPage","@id":"https:\/\/storiumstaging.storiumplus.com\/fr\/a-propos-de-nous\/","url":"https:\/\/storiumstaging.storiumplus.com\/fr\/a-propos-de-nous\/","name":"A propos de nous - StoriumPlus - We connect solar, smart battery &amp; grid","isPartOf":{"@id":"https:\/\/storiumstaging.storiumplus.com\/fr\/#website"},"primaryImageOfPage":{"@id":"https:\/\/storiumstaging.storiumplus.com\/fr\/a-propos-de-nous\/#primaryimage"},"image":{"@id":"https:\/\/storiumstaging.storiumplus.com\/fr\/a-propos-de-nous\/#primaryimage"},"thumbnailUrl":"https:\/\/storiumstaging.storiumplus.com\/wp-content\/uploads\/2023\/07\/StoriumElementLogo.svg","datePublished":"2023-07-14T11:23:08+00:00","dateModified":"2025-01-21T14:35:51+00:00","breadcrumb":{"@id":"https:\/\/storiumstaging.storiumplus.com\/fr\/a-propos-de-nous\/#breadcrumb"},"inLanguage":"fr-FR","potentialAction":[{"@type":"ReadAction","target":["https:\/\/storiumstaging.storiumplus.com\/fr\/a-propos-de-nous\/"]}]},{"@type":"ImageObject","inLanguage":"fr-FR","@id":"https:\/\/storiumstaging.storiumplus.com\/fr\/a-propos-de-nous\/#primaryimage","url":"https:\/\/storiumstaging.storiumplus.com\/wp-content\/uploads\/2023\/07\/StoriumElementLogo.svg","contentUrl":"https:\/\/storiumstaging.storiumplus.com\/wp-content\/uploads\/2023\/07\/StoriumElementLogo.svg"},{"@type":"BreadcrumbList","@id":"https:\/\/storiumstaging.storiumplus.com\/fr\/a-propos-de-nous\/#breadcrumb","itemListElement":[{"@type":"ListItem","position":1,"name":"Home","item":"https:\/\/storiumstaging.storiumplus.com\/fr\/"},{"@type":"ListItem","position":2,"name":"A propos de nous"}]},{"@type":"WebSite","@id":"https:\/\/storiumstaging.storiumplus.com\/fr\/#website","url":"https:\/\/storiumstaging.storiumplus.com\/fr\/","name":"StoriumPlus - We connect solar, smart battery & grid","description":"We connect solar, smart battery &amp; grid","publisher":{"@id":"https:\/\/storiumstaging.storiumplus.com\/fr\/#organization"},"potentialAction":[{"@type":"SearchAction","target":{"@type":"EntryPoint","urlTemplate":"https:\/\/storiumstaging.storiumplus.com\/fr\/?s={search_term_string}"},"query-input":{"@type":"PropertyValueSpecification","valueRequired":true,"valueName":"search_term_string"}}],"inLanguage":"fr-FR"},{"@type":"Organization","@id":"https:\/\/storiumstaging.storiumplus.com\/fr\/#organization","name":"StoriumPlus","alternateName":"St+","url":"https:\/\/storiumstaging.storiumplus.com\/fr\/","logo":{"@type":"ImageObject","inLanguage":"fr-FR","@id":"https:\/\/storiumstaging.storiumplus.com\/fr\/#\/schema\/logo\/image\/","url":"https:\/\/storiumstaging.storiumplus.com\/wp-content\/uploads\/2023\/07\/StFavIcon.png","contentUrl":"https:\/\/storiumstaging.storiumplus.com\/wp-content\/uploads\/2023\/07\/StFavIcon.png","width":512,"height":512,"caption":"StoriumPlus"},"image":{"@id":"https:\/\/storiumstaging.storiumplus.com\/fr\/#\/schema\/logo\/image\/"},"sameAs":["https:\/\/www.linkedin.com\/company\/storiumplus\/"]}]}},"_links":{"self":[{"href":"https:\/\/storiumstaging.storiumplus.com\/fr\/wp-json\/wp\/v2\/pages\/2629","targetHints":{"allow":["GET"]}}],"collection":[{"href":"https:\/\/storiumstaging.storiumplus.com\/fr\/wp-json\/wp\/v2\/pages"}],"about":[{"href":"https:\/\/storiumstaging.storiumplus.com\/fr\/wp-json\/wp\/v2\/types\/page"}],"author":[{"embeddable":true,"href":"https:\/\/storiumstaging.storiumplus.com\/fr\/wp-json\/wp\/v2\/users\/1"}],"replies":[{"embeddable":true,"href":"https:\/\/storiumstaging.storiumplus.com\/fr\/wp-json\/wp\/v2\/comments?post=2629"}],"version-history":[{"count":2,"href":"https:\/\/storiumstaging.storiumplus.com\/fr\/wp-json\/wp\/v2\/pages\/2629\/revisions"}],"predecessor-version":[{"id":2885,"href":"https:\/\/storiumstaging.storiumplus.com\/fr\/wp-json\/wp\/v2\/pages\/2629\/revisions\/2885"}],"wp:attachment":[{"href":"https:\/\/storiumstaging.storiumplus.com\/fr\/wp-json\/wp\/v2\/media?parent=2629"}],"curies":[{"name":"wp","href":"https:\/\/api.w.org\/{rel}","templated":true}]}}